{"id":265,"date":"2025-05-10T22:00:40","date_gmt":"2025-05-10T20:00:40","guid":{"rendered":"https:\/\/frausteinerstaunt.ch\/?page_id=265"},"modified":"2025-05-10T22:00:40","modified_gmt":"2025-05-10T20:00:40","slug":"slip-ilage","status":"publish","type":"page","link":"https:\/\/frausteinerstaunt.ch\/index.php\/slip-ilage\/","title":{"rendered":"SLIP-ILAGE"},"content":{"rendered":"\n<p>Song aus der Alpentheater-Produktion\u00a0<strong>WYSHEITE\u00a0<\/strong>aus den Jahren 2016\/2017<br>Text: Maria Steiner<br>Komposition und am Klavier: Resli Burri<\/p>\n\n\n\n<p><\/p>\n\n\n\n<figure class=\"wp-block-audio\"><audio controls src=\"https:\/\/frausteinerstaunt.ch\/wp-content\/uploads\/2025\/03\/slipeinlagen.mp3\"><\/audio><\/figure>\n\n\n\n<p>Ver\u00f6ffentlicht am 1. April 2025<\/p>\n\n\n\n<p><em>Introtext<\/em><br>Mit Pampers f\u00e4ngts an<br>Mit Pampers h\u00f6rts uf<br>Und dazw\u00fcsche 60 Jahre Slip-Ilage<\/p>\n\n\n\n<p><em>Strophe<\/em><br>Es seits e Frou zur andere<br>Du muesch se ha bim Wandere<br>Und ou bim usw\u00e4rts \u00e4sse<br>S\u00f6ttsch se nid verg\u00e4sse<\/p>\n\n\n\n<p><em>Refrain<\/em><br>Slip \u2013Ilage<br>T\u00fce di uf Fl\u00fcgel trage<br>Und du chaschs always wage<br>Sicher u suber veruse z ga<\/p>\n\n\n\n<p><em>Strophe<\/em><br>Und we di Frou tuet Choche<br>F\u00fcehlt si sich rundum troche<br>Und we di Frou zum Date geit<br>Werum ischs Date nid abverheit?<\/p>\n\n\n\n<p><em>Refrain<\/em><br><em>Musikalischer Teil<\/em><br><em>Refrain<\/em><\/p>\n\n\n\n<p><em>Strophe<\/em><br>E Frou mues sech im L\u00e4be<br>Halt \u00f6ppis id Hose chl\u00e4be<br>S\u00fcsch cha si nid erfolgrich si<br>So red me das \u00fcs Froue i<\/p>\n\n\n\n<p><em>Strophe<\/em><br>Fragt dr Ma im Chefb\u00fcro<br>Wo si de d\u2019Kaderfroue wo<br>U d\u2019Froue sueche Tag f\u00fcr Tag<br>No immer nach dr Slip-Ilag<\/p>\n\n\n\n<p><em>Refrain<\/em><br>Slip \u2013Ilage<br>T\u00fce di uf Fl\u00fcgel trage<br>Und du chaschs always wage<br>Sicher u suber veruse z ga<\/p>\n","protected":false},"excerpt":{"rendered":"<p>Song aus der Alpentheater-Produktion\u00a0WYSHEITE\u00a0aus den Jahren 2016\/2017Text: Maria SteinerKomposition und am Klavier: Resli Burri Ver\u00f6ffentlicht am 1. April 2025 IntrotextMit Pampers f\u00e4ngts anMit Pampers h\u00f6rts ufUnd dazw\u00fcsche 60 Jahre Slip-Ilage StropheEs seits e Frou zur andereDu muesch se ha bim &hellip; <a href=\"https:\/\/frausteinerstaunt.ch\/index.php\/slip-ilage\/\">Weiterlesen <span class=\"meta-nav\">&rarr;<\/span><\/a><\/p>\n","protected":false},"author":3,"featured_media":0,"parent":0,"menu_order":0,"comment_status":"closed","ping_status":"closed","template":"","meta":{"footnotes":""},"class_list":["post-265","page","type-page","status-publish","hentry"],"_links":{"self":[{"href":"https:\/\/frausteinerstaunt.ch\/index.php\/wp-json\/wp\/v2\/pages\/265","targetHints":{"allow":["GET"]}}],"collection":[{"href":"https:\/\/frausteinerstaunt.ch\/index.php\/wp-json\/wp\/v2\/pages"}],"about":[{"href":"https:\/\/frausteinerstaunt.ch\/index.php\/wp-json\/wp\/v2\/types\/page"}],"author":[{"embeddable":true,"href":"https:\/\/frausteinerstaunt.ch\/index.php\/wp-json\/wp\/v2\/users\/3"}],"replies":[{"embeddable":true,"href":"https:\/\/frausteinerstaunt.ch\/index.php\/wp-json\/wp\/v2\/comments?post=265"}],"version-history":[{"count":2,"href":"https:\/\/frausteinerstaunt.ch\/index.php\/wp-json\/wp\/v2\/pages\/265\/revisions"}],"predecessor-version":[{"id":267,"href":"https:\/\/frausteinerstaunt.ch\/index.php\/wp-json\/wp\/v2\/pages\/265\/revisions\/267"}],"wp:attachment":[{"href":"https:\/\/frausteinerstaunt.ch\/index.php\/wp-json\/wp\/v2\/media?parent=265"}],"curies":[{"name":"wp","href":"https:\/\/api.w.org\/{rel}","templated":true}]}}