{"id":244,"date":"2025-03-31T23:00:00","date_gmt":"2025-03-31T21:00:00","guid":{"rendered":"https:\/\/frausteinerstaunt.ch\/?page_id=244"},"modified":"2025-05-10T22:07:06","modified_gmt":"2025-05-10T20:07:06","slug":"souvenirbox","status":"publish","type":"page","link":"https:\/\/frausteinerstaunt.ch\/index.php\/souvenirbox\/","title":{"rendered":"SOUVENIRBOX"},"content":{"rendered":"\n<p>Hier gibt es in loser Folge Fundst\u00fccke aus Kabarettprogrammen und Theaterst\u00fccken, nat\u00fcrlich mit Texten von Maria Steiner, die und unter der Regie von Sjoukje Benedictus im Alpentheater entstanden sind.\u00a0<br>Klicken Sie auf die jeweiligen Titel und sind k\u00f6nnen die Songs h\u00f6ren und\/oder die Songtexte lesen. <\/p>\n\n\n\n<p><br><\/p>\n","protected":false},"excerpt":{"rendered":"<p>Hier gibt es in loser Folge Fundst\u00fccke aus Kabarettprogrammen und Theaterst\u00fccken, nat\u00fcrlich mit Texten von Maria Steiner, die und unter der Regie von Sjoukje Benedictus im Alpentheater entstanden sind.\u00a0Klicken Sie auf die jeweiligen Titel und sind k\u00f6nnen die Songs h\u00f6ren &hellip; <a href=\"https:\/\/frausteinerstaunt.ch\/index.php\/souvenirbox\/\">Weiterlesen <span class=\"meta-nav\">&rarr;<\/span><\/a><\/p>\n","protected":false},"author":3,"featured_media":0,"parent":0,"menu_order":0,"comment_status":"closed","ping_status":"closed","template":"","meta":{"footnotes":""},"class_list":["post-244","page","type-page","status-publish","hentry"],"_links":{"self":[{"href":"https:\/\/frausteinerstaunt.ch\/index.php\/wp-json\/wp\/v2\/pages\/244","targetHints":{"allow":["GET"]}}],"collection":[{"href":"https:\/\/frausteinerstaunt.ch\/index.php\/wp-json\/wp\/v2\/pages"}],"about":[{"href":"https:\/\/frausteinerstaunt.ch\/index.php\/wp-json\/wp\/v2\/types\/page"}],"author":[{"embeddable":true,"href":"https:\/\/frausteinerstaunt.ch\/index.php\/wp-json\/wp\/v2\/users\/3"}],"replies":[{"embeddable":true,"href":"https:\/\/frausteinerstaunt.ch\/index.php\/wp-json\/wp\/v2\/comments?post=244"}],"version-history":[{"count":4,"href":"https:\/\/frausteinerstaunt.ch\/index.php\/wp-json\/wp\/v2\/pages\/244\/revisions"}],"predecessor-version":[{"id":275,"href":"https:\/\/frausteinerstaunt.ch\/index.php\/wp-json\/wp\/v2\/pages\/244\/revisions\/275"}],"wp:attachment":[{"href":"https:\/\/frausteinerstaunt.ch\/index.php\/wp-json\/wp\/v2\/media?parent=244"}],"curies":[{"name":"wp","href":"https:\/\/api.w.org\/{rel}","templated":true}]}}