{"id":2,"date":"2024-11-21T16:46:02","date_gmt":"2024-11-21T16:46:02","guid":{"rendered":"https:\/\/frausteinerstaunt.ch\/?page_id=2"},"modified":"2026-04-14T22:43:34","modified_gmt":"2026-04-14T20:43:34","slug":"sample-page","status":"publish","type":"page","link":"https:\/\/frausteinerstaunt.ch\/index.php\/sample-page\/","title":{"rendered":"PODCASTS"},"content":{"rendered":"\n<p><strong>Sie sind nicht mehr geheim \u2013 die Verf\u00fchrer!<\/strong><br>Vor fast 70 Jahren verfasste Vance Packard den konsumkritischen Bestseller \u00abDie geheimen Verf\u00fchrer\u00bb. Darin beschreibt er, wie die Werbung unser Unterbewusstsein manipuliert.\u00a0<br>Haben seine Aussagen heute noch G\u00fcltigkeit f\u00fcr uns ach so aufgekl\u00e4rten Konsument:innen? Wir gehen doch den Versprechen der Werbeindustrie nicht mehr auf den Leim und sind immun gegen Lockv\u00f6gel, die uns irgendwelche Produkte schmackhaft machen wollen. Wirklich?\u00a0\u00a0<\/p>\n\n\n\n<figure class=\"wp-block-audio\"><audio controls src=\"https:\/\/frausteinerstaunt.ch\/wp-content\/uploads\/2026\/04\/27-15.4.verfuehrung.mp3\"><\/audio><figcaption class=\"wp-element-caption\">Ver\u00f6ffentlicht am 15. April 2026<\/figcaption><\/figure>\n\n\n\n<p><strong>Das&nbsp;M\u00e4rchen von den Zwillingen<\/strong><br>Die Welt scheint aus den Fugen. Was gestern galt, gilt heute nicht mehr. Verl\u00e4sslichkeit ist zum Fremdwort geworden. Gesetze, Menschen- und V\u00f6lkerrechte \u2013 wozu? Wer die n\u00f6tige Macht hat, kann sie aushebeln. Etwas ist ganz geh\u00f6rig in Schieflage geraten<\/p>\n\n\n\n<figure class=\"wp-block-audio\"><audio controls src=\"https:\/\/frausteinerstaunt.ch\/wp-content\/uploads\/2026\/03\/26-1.4.sMerli-vo-de-Zwilling.mp3\"><\/audio><figcaption class=\"wp-element-caption\">Ver\u00f6ffentlicht am 1. April 2026<\/figcaption><\/figure>\n\n\n\n<p><strong>E Guete<\/strong><br>Sag mir, was du isst und ich sage dir, was du bist.<br>Dieses Zitat des&nbsp;weltweit ersten renommierten Gastronomiekritikers&nbsp;und Richters Brillat-Savarin ist 200j\u00e4hrig. F\u00fcr ihn war das Zubereiten und Geniessen von Speisen eine Lebensphilosophie. Mit Menschen, die \u00abeinfach nur essen\u00bb, ging er heftig ins Gericht.<br>Was w\u00fcrde er wohl heute zu unserem Stil der Nahrungsaufnahme sagen?<\/p>\n\n\n\n<figure class=\"wp-block-audio\"><audio controls src=\"https:\/\/frausteinerstaunt.ch\/wp-content\/uploads\/2026\/03\/24-1.3.EgueteEssen.mp3\"><\/audio><figcaption class=\"wp-element-caption\">Ver\u00f6ffentlicht am 1. M\u00e0rz 2026<\/figcaption><\/figure>\n\n\n\n<p><strong>Das M\u00e4rchen vom alten Haus<\/strong><br>In Dauerschleife bekommen wir zu h\u00f6ren, dass es mehr bezahlbaren Wohnraum braucht. Aber wer ist daf\u00fcr verantwortlich, dass Wohnsiedlungen, in denen Menschen zu niedriger Miete leben, leergek\u00fcndigt, abgerissen und durch Neubauten ersetzt werden, die sich die&nbsp;Menschen, die auf eine g\u00fcnstige Miete angewiesen sind, nicht leisten k\u00f6nnen. Wo bleibt da die Logik?<\/p>\n\n\n\n<figure class=\"wp-block-audio\"><audio controls src=\"https:\/\/frausteinerstaunt.ch\/wp-content\/uploads\/2026\/02\/22-1.2.altehuus.mp3\"><\/audio><figcaption class=\"wp-element-caption\">Ver\u00f6ffentlicht am 1. Februar 2026<\/figcaption><\/figure>\n\n\n\n<p><strong>Das M\u00e4rchen vom Rumpelst\u00fctzli<\/strong><br>Es war einmal ein reiches Land. Viele, aber nicht alle, zahlten viele Steuern, und trotzdem fehlte es an Geld.&nbsp;&nbsp;War es die Schuld der gleichnamigen Bremse? Oder versickerte das Geld eventuell in unergr\u00fcndlichen Tiefen? Ach, wie gut, dass niemand weiss\u2026..<\/p>\n\n\n\n<figure class=\"wp-block-audio\"><audio controls src=\"https:\/\/frausteinerstaunt.ch\/wp-content\/uploads\/2025\/12\/M007Rumpelstuetzli.mp3\"><\/audio><figcaption class=\"wp-element-caption\">Ver\u00f6ffentlicht am 1. Januar 2026<\/figcaption><\/figure>\n\n\n\n<p><strong>Beurteilungsplage <\/strong><br>Bewerten Sie uns! Beurteilen Sie uns! &nbsp;W\u00fcrden Sie uns im Freundeskreis weiterempfehlen? Die Bewertitis greift epidemisch um sich. Merkt man dann auch Verbesserungen im Service? Was noch fehlt: Beurteile deine Beurteilung!<\/p>\n\n\n\n<figure class=\"wp-block-audio\"><audio controls src=\"https:\/\/frausteinerstaunt.ch\/wp-content\/uploads\/2025\/11\/18-1.12.beurteilungsplage.mp3\"><\/audio><figcaption class=\"wp-element-caption\">Ver\u00f6ffentlicht am 1. Dezember 2025<\/figcaption><\/figure>\n\n\n\n<p><strong>Die Grenzen der Meinungsfreiheit<\/strong><br>Es gibt Menschen, die offenbar nicht mehr zwischen Meinung und Wahrheit unterscheiden k\u00f6nnen. Indem sie sich auf ihre Meinungsfreiheit berufen, wenn sie in den sozialen Medien gegen Andersdenkende hetzen, hauen sie Kommentare in die Tasten, f\u00fcr die sie sich eigentlich sch\u00e4men m\u00fcssten.&nbsp;&nbsp;<br>\u00abDas wird man wohl noch sagen d\u00fcrfen\u00bb&nbsp;als Deckm\u00e4ntelchen f\u00fcr Hatespeech. Die Folgen sind bekannt.<\/p>\n\n\n\n<figure class=\"wp-block-audio\"><audio controls src=\"https:\/\/frausteinerstaunt.ch\/wp-content\/uploads\/2025\/11\/17-15.11.-meinungsfreiheit.mp3\"><\/audio><figcaption class=\"wp-element-caption\">Ver\u00f6ffentlicht am 15. November 2025<\/figcaption><\/figure>\n\n\n\n<p><strong>Das M\u00e4rchen vom Sparschwein<\/strong><br>Subventionsk\u00fcrzungen, Schuldenbremse, Sparpaket \u2013 wer oder was steckt dahinter?<br>Es ist das Sparschweinchen im Bundeshaus, das von seiner Herrin gef\u00fcttert werden will.<\/p>\n\n\n\n<figure class=\"wp-block-audio\"><audio controls src=\"https:\/\/frausteinerstaunt.ch\/wp-content\/uploads\/2025\/11\/16-1.11.sparsaeuli.mp3\"><\/audio><figcaption class=\"wp-element-caption\">Ver\u00f6ffentlicht am 1. November 2025<\/figcaption><\/figure>\n\n\n\n<p><strong>Vom Freisinn zum Tr\u00fcbsinn<\/strong> <strong>&#8211; eine traurige Sage<\/strong><br>Wie sang schon Hildegard Knef: Von nun an gings bergab.<\/p>\n\n\n\n<figure class=\"wp-block-audio\"><audio controls src=\"https:\/\/frausteinerstaunt.ch\/wp-content\/uploads\/2025\/10\/15-15.10.freisinn.mp3\"><\/audio><figcaption class=\"wp-element-caption\">Ver\u00f6ffentlicht am 15. Oktober 2025<\/figcaption><\/figure>\n\n\n\n<p><strong>Das M\u00e4rchen vom Gesundheitswesen<\/strong><br>Jedes Jahr, wenn die Tage k\u00fcrzer werden und die Herbstnebel ins Land ziehen, l\u00e4sst es wieder von sich h\u00f6ren, von allen gef\u00fcrchtet, das gefr\u00e4ssige Wesen, gegen das offensichtlich kein Kraut gewachsen ist.<\/p>\n\n\n\n<figure class=\"wp-block-audio\"><audio controls src=\"https:\/\/frausteinerstaunt.ch\/wp-content\/uploads\/2025\/09\/14-1.10.gdsundheitswesen.mp3\"><\/audio><figcaption class=\"wp-element-caption\">Ver\u00f6ffentlicht am 1. Oktober 2025<\/figcaption><\/figure>\n\n\n\n<p><strong>Forever young&nbsp; <\/strong><br>\u00abAltern ist nichts f\u00fcr Feiglinge\u00bb hiess es bis jetzt. Neuerdings braucht es noch mehr Mut, wenn man ewig jung und gesund bleiben will und sich der Longevity Bewegung und deren Rezepten f\u00fcr ein ewiges Leben &#8211; besser gesagt der dahinterstehenden Industrie \u2013 unterwirft.<br>Der Verfasser des Buches \u00abLeben \u00fcber 100\u00bb ist \u00fcbrigens mit 80 gestorben\u2026<\/p>\n\n\n\n<figure class=\"wp-block-audio\"><audio controls src=\"https:\/\/frausteinerstaunt.ch\/wp-content\/uploads\/2025\/08\/12-1.9.forever_young-1.mp3\"><\/audio><figcaption class=\"wp-element-caption\">Ver\u00f6ffentlicht am 1. September 2025<\/figcaption><\/figure>\n\n\n\n<p><strong>Das M\u00e4rchen vom Sandkasten<\/strong><br>Manchmal beschleicht einen das Gef\u00fchl, die EU sei ein Kinderspielplatz. Wer darf mitmachen, wer torpediert gen\u00fcsslich den V\u00f6lkerball und wer w\u00fcrde vielleicht gerne wieder mitspielen? Und wer spielt im Sandkasten, der sich mitten auf dem Spielplatz befindet?<\/p>\n\n\n\n<figure class=\"wp-block-audio\"><audio controls src=\"https:\/\/frausteinerstaunt.ch\/wp-content\/uploads\/2025\/06\/10-15.6.maerli_vom_sandchaschte.mp3\"><\/audio><figcaption class=\"wp-element-caption\">Ver\u00f6ffentlicht am 15. Juni 2025<\/figcaption><\/figure>\n\n\n\n<p><strong>Akute Selfitis <\/strong><br>Wird es denn nie langweilig, immer nur Bilder von sich selber zu machen, stundenlang zu betrachten und mit Fotoshop und Filtern zu optimieren? Welche Auswirkungen hat wohl die dauernde Besch\u00e4ftigung mit dem eigenen Antlitz?<br>Ganz zu schweigen von den &nbsp;Risiken und Gefahren, denen sich Menschen im Wettrennen f\u00fcr die meisten Likes aussetzen.&nbsp;<br>Irgendwie sind Selfies die logische Folge der heutigen Ellbogengesellschaft. Zuerst komme ICH, denn bekanntlich gilt ja:<br>\u00abWenn jede und jeder zu sich schaut, ist f\u00fcr alle gesorgt\u00bb<\/p>\n\n\n\n<figure class=\"wp-block-audio\"><audio controls src=\"https:\/\/frausteinerstaunt.ch\/wp-content\/uploads\/2025\/05\/9-1.6._akuteselfitis2.mp3\"><\/audio><figcaption class=\"wp-element-caption\">Ver\u00f6ffentlicht am 1. Juni 2025<\/figcaption><\/figure>\n\n\n\n<p><strong>Sieben auf einen Streich \u2013 ein M\u00e4rchen aus dem Innern eines Machtzentrums<\/strong><br>Viele fragen sich, was im Bundeshaus vor sich geht, wenn sich alle sieben hinter verschlossenen T\u00fcren treffen.&nbsp;<br>Immer wieder h\u00f6rt man von Spannungen. Ein Blick hinter die Kulissen k\u00f6nnte Klarheit schaffen.<\/p>\n\n\n\n<figure class=\"wp-block-audio\"><audio controls src=\"https:\/\/frausteinerstaunt.ch\/wp-content\/uploads\/2025\/05\/8-15.5_maerli-1.mp3\"><\/audio><figcaption class=\"wp-element-caption\">Ver\u00f6ffentlicht am 15. Mai 2025<\/figcaption><\/figure>\n\n\n\n<p><strong>L\u00fcgen und andere Wahrheiten<\/strong><br>L\u00fcgen geh\u00f6rt zur Kernkompetenz von Politikern. Dieser Aussage von Roger Willemsen, dem leider fr\u00fch verstorbenen deutschen Publizisten, ist beim Blick auf die Chats hoher Regierungsmitglieder in den USA, nichts hinzuzuf\u00fcgen. Da biegen sich nicht nur die Balken, wie es im Sprichwort heisst, vielleicht brechen sie auch. Bleibt die Frage, wie weit die Kurzbeinigen damit kommen.<\/p>\n\n\n\n<figure class=\"wp-block-audio\"><audio controls src=\"https:\/\/frausteinerstaunt.ch\/wp-content\/uploads\/2025\/05\/7-1.5._luegen.mp3\"><\/audio><figcaption class=\"wp-element-caption\">Ver\u00f6ffentlicht am 1. Mai 2025<\/figcaption><\/figure>\n\n\n\n<p><strong>Vorw\u00e4rts in die Vergangenheit<\/strong><br>Was geschieht da gerade mit den Frauen, nachdem es lange vorw\u00e4rts ging mit der Gleichberechtigung?&nbsp; Es gibt Tendenzen, die nicht gerade zuversichtlich stimmen. Trump zum Beispiel setzt das Wort \u00abFrauen\u00bb, ebenso wie \u00abKlimakrise\u00bb und \u00abGolf von Mexiko\u00bb auf eine Liste von 200 W\u00f6rtern, die in den US-Regierungsdokumenten nicht mehr gebraucht werden d\u00fcrfen\u2026&nbsp;&nbsp;<br>Bleibt die Hoffnung, dass es sich in ein paar Wochen als Fake News herausstellt.<\/p>\n\n\n\n<figure class=\"wp-block-audio\"><audio controls src=\"https:\/\/frausteinerstaunt.ch\/wp-content\/uploads\/2025\/04\/6-15.4._frauen.mp3\"><\/audio><figcaption class=\"wp-element-caption\">Ver\u00f6ffentlicht am 15. April 2025<\/figcaption><\/figure>\n\n\n\n<p><strong>Reden Sie Klartext<\/strong><br>Unterdessen sind es bereits 900 Milliarden, aufgeteilt in verschiedene Tranchen. Als dieser Podcast aufgenommen wurde, waren es erst hundert, also 100 000 000 000. Man nennt es Sonderverm\u00f6gen. Wie ist doch unsere Sprache genial, wenn es darum geht um den heissen Brei zu reden und Unliebsames sch\u00f6nzuf\u00e4rben.<\/p>\n\n\n\n<figure class=\"wp-block-audio\"><audio controls src=\"https:\/\/frausteinerstaunt.ch\/wp-content\/uploads\/2025\/03\/5-1.4._redensieklartext.mp3\"><\/audio><figcaption class=\"wp-element-caption\">Ver\u00f6ffentlicht am 1. April 2025<\/figcaption><\/figure>\n\n\n\n<p><strong>Das M\u00e4rchen von der Hundeschule<\/strong><br>Eine Geschichte \u00fcber das Treiben in der Hundeschule und wie es herauskommt, wenn man einen Geissbock zum Hund erkl\u00e4rt.<\/p>\n\n\n\n<figure class=\"wp-block-audio\"><audio controls src=\"https:\/\/frausteinerstaunt.ch\/wp-content\/uploads\/2025\/03\/4-15.3._hundeschule1.mp3\"><\/audio><figcaption class=\"wp-element-caption\">Ver\u00f6ffentlicht am 15. M\u00e4rz 2025<\/figcaption><\/figure>\n\n\n\n<p><strong>Der Gm\u00f6gigkeitsfaktor<\/strong><br>In knapp zwei Wochen wird die Nachfolge von Viola Amherd gew\u00e4hlt. Es ist doch immer wieder erstaunlich, nach welchen Kriterien das sogenannte Ticket zusammengestellt wird und wer dann schliesslich Bundesrat oder Bundesr\u00e4tin wird.<\/p>\n\n\n\n<figure class=\"wp-block-audio\"><audio controls src=\"https:\/\/frausteinerstaunt.ch\/wp-content\/uploads\/2025\/02\/1.3.Gmoegigkeitsfaktor.mp3\"><\/audio><figcaption class=\"wp-element-caption\">Ver\u00f6ffentlicht am 1. M\u00e4rz 2025<\/figcaption><\/figure>\n\n\n\n<p><strong>Das M\u00e4rchen vom K\u00f6nig mit den goldenen Haaren<\/strong> <br>Es sollte ein M\u00e4rchen werden \u2013 wurde leider von der Realit\u00e4t eingeholt, aber M\u00e4rchen haben ja immer ein gutes Ende&#8230;<\/p>\n\n\n\n<figure class=\"wp-block-audio\"><audio controls src=\"https:\/\/frausteinerstaunt.ch\/wp-content\/uploads\/2025\/02\/15.2._trump.mp3\"><\/audio><figcaption class=\"wp-element-caption\">Ver\u00f6ffentlicht am 15. Februar 2025<\/figcaption><\/figure>\n\n\n\n<p><strong>Will haben<\/strong><br>Ich staune \u00fcber unsere Konsumgewohnheiten.<br><br>52% der Schweizer Bev\u00f6lkerung haben letztes Jahr bei einem chinesischen Billiganbieter eingekauft. Tendenz zunehmend. Offenbar ist der Preis wichtiger als die Qualit\u00e4t und die Produktionsbedingungen. Was sagt das \u00fcber uns aus?<\/p>\n\n\n\n<figure class=\"wp-block-audio\"><audio controls src=\"https:\/\/frausteinerstaunt.ch\/wp-content\/uploads\/2025\/01\/K001WillHaben-2.mp3\"><\/audio><figcaption class=\"wp-element-caption\">Ver\u00f6ffentlicht am 1. Februar 2025<\/figcaption><\/figure>\n","protected":false},"excerpt":{"rendered":"<p>Sie sind nicht mehr geheim \u2013 die Verf\u00fchrer!Vor fast 70 Jahren verfasste Vance Packard den konsumkritischen Bestseller \u00abDie geheimen Verf\u00fchrer\u00bb. Darin beschreibt er, wie die Werbung unser Unterbewusstsein manipuliert.\u00a0Haben seine Aussagen heute noch G\u00fcltigkeit f\u00fcr uns ach so aufgekl\u00e4rten Konsument:innen? &hellip; <a href=\"https:\/\/frausteinerstaunt.ch\/index.php\/sample-page\/\">Weiterlesen <span class=\"meta-nav\">&rarr;<\/span><\/a><\/p>\n","protected":false},"author":1,"featured_media":0,"parent":0,"menu_order":1,"comment_status":"closed","ping_status":"open","template":"","meta":{"footnotes":""},"class_list":["post-2","page","type-page","status-publish","hentry"],"_links":{"self":[{"href":"https:\/\/frausteinerstaunt.ch\/index.php\/wp-json\/wp\/v2\/pages\/2","targetHints":{"allow":["GET"]}}],"collection":[{"href":"https:\/\/frausteinerstaunt.ch\/index.php\/wp-json\/wp\/v2\/pages"}],"about":[{"href":"https:\/\/frausteinerstaunt.ch\/index.php\/wp-json\/wp\/v2\/types\/page"}],"author":[{"embeddable":true,"href":"https:\/\/frausteinerstaunt.ch\/index.php\/wp-json\/wp\/v2\/users\/1"}],"replies":[{"embeddable":true,"href":"https:\/\/frausteinerstaunt.ch\/index.php\/wp-json\/wp\/v2\/comments?post=2"}],"version-history":[{"count":55,"href":"https:\/\/frausteinerstaunt.ch\/index.php\/wp-json\/wp\/v2\/pages\/2\/revisions"}],"predecessor-version":[{"id":417,"href":"https:\/\/frausteinerstaunt.ch\/index.php\/wp-json\/wp\/v2\/pages\/2\/revisions\/417"}],"wp:attachment":[{"href":"https:\/\/frausteinerstaunt.ch\/index.php\/wp-json\/wp\/v2\/media?parent=2"}],"curies":[{"name":"wp","href":"https:\/\/api.w.org\/{rel}","templated":true}]}}