{"id":18,"date":"2024-11-21T18:57:35","date_gmt":"2024-11-21T17:57:35","guid":{"rendered":"https:\/\/frausteinerstaunt.ch\/?page_id=18"},"modified":"2025-01-29T17:47:32","modified_gmt":"2025-01-29T16:47:32","slug":"ueber-mich","status":"publish","type":"page","link":"https:\/\/frausteinerstaunt.ch\/index.php\/ueber-mich\/","title":{"rendered":"\u00dcBER MICH"},"content":{"rendered":"\n<div class=\"wp-block-media-text is-stacked-on-mobile is-vertically-aligned-top\" style=\"grid-template-columns:23% auto\"><figure class=\"wp-block-media-text__media\"><img loading=\"lazy\" decoding=\"async\" width=\"796\" height=\"1024\" src=\"https:\/\/frausteinerstaunt.ch\/wp-content\/uploads\/2024\/11\/DSC00058-796x1024.jpeg\" alt=\"\" class=\"wp-image-43 size-full\" srcset=\"https:\/\/frausteinerstaunt.ch\/wp-content\/uploads\/2024\/11\/DSC00058-796x1024.jpeg 796w, https:\/\/frausteinerstaunt.ch\/wp-content\/uploads\/2024\/11\/DSC00058-233x300.jpeg 233w, https:\/\/frausteinerstaunt.ch\/wp-content\/uploads\/2024\/11\/DSC00058-768x987.jpeg 768w, https:\/\/frausteinerstaunt.ch\/wp-content\/uploads\/2024\/11\/DSC00058-1195x1536.jpeg 1195w, https:\/\/frausteinerstaunt.ch\/wp-content\/uploads\/2024\/11\/DSC00058-1593x2048.jpeg 1593w, https:\/\/frausteinerstaunt.ch\/wp-content\/uploads\/2024\/11\/DSC00058-scaled.jpeg 1991w\" sizes=\"auto, (max-width: 796px) 100vw, 796px\" \/><\/figure><div class=\"wp-block-media-text__content\">\n<p>Ich heisse Maria Steiner. Schon in meiner Kindheit beobachtete ich die Absurdit\u00e4ten und die Komik von allt\u00e4glichen Situationen. Zudem faszinierten mich die verschiedenen Dialekte und ich imitierte sie gerne. Humorm\u00e4ssig wurde ich durch Wilhelm Busch und den bissigen Humor der Basler Schnitzelb\u00e4nke sozialisiert. W\u00e4hrend 40 Berufsjahren als Sekundarlehrerin war ich in verschiedenen Theaterbereichen t\u00e4tig.<\/p>\n<\/div><\/div>\n\n\n\n<p>St\u00fccke verfassen und bearbeiten f\u00fcr Inszenierungen &nbsp;mit Jugendlichen, Regieassistenz bei verschiedenen Projekten mit Profis halfen mit, im Unterricht das Verschwinden des Akkusativs nicht als pers\u00f6nliche Beleidigung anzusehen.<br>Mit Ernst J. Schneiter \u2013 wir sassen seinerzeit in der gleichen Klasse &#8211; &nbsp;entstand das Politkabarett Steinheiter mit 7 Programmen, in denen wir gemeinsam auf der B\u00fchne standen. In dieser Zeit entstanden die Politm\u00e4rchen. &nbsp; anschliessende langj\u00e4hrige Zusammenarbeit mit Sjoukje Benedictus, der Gr\u00fcnderin des Alpentheaters er\u00f6ffneten noch mal neue M\u00f6glichkeiten Theaterst\u00fccke und Kabarettprogramme zu kreieren.<br><br>Und was jetzt, nachdem es das Alpentheater in der bekannten Form nicht mehr gibt und die Kolumnen im Berner Oberl\u00e4nder und Thuner Tagblatt durch die Konzentration der Zeitungen bei Tamedia wegfallen?<\/p>\n\n\n\n<p>Back to the Roots.<br>Jetzt staune ich wieder \u00fcber absurde Vorkommnisse in der Gesellschaft und der Politik, Stoff, aus dem Kolumnen und M\u00e4rchen entstehen. &nbsp;<\/p>\n\n\n\n<p><\/p>\n","protected":false},"excerpt":{"rendered":"<p>Ich heisse Maria Steiner. Schon in meiner Kindheit beobachtete ich die Absurdit\u00e4ten und die Komik von allt\u00e4glichen Situationen. Zudem faszinierten mich die verschiedenen Dialekte und ich imitierte sie gerne. Humorm\u00e4ssig wurde ich durch Wilhelm Busch und den bissigen Humor der &hellip; <a href=\"https:\/\/frausteinerstaunt.ch\/index.php\/ueber-mich\/\">Weiterlesen <span class=\"meta-nav\">&rarr;<\/span><\/a><\/p>\n","protected":false},"author":3,"featured_media":0,"parent":0,"menu_order":2,"comment_status":"closed","ping_status":"closed","template":"","meta":{"footnotes":""},"class_list":["post-18","page","type-page","status-publish","hentry"],"_links":{"self":[{"href":"https:\/\/frausteinerstaunt.ch\/index.php\/wp-json\/wp\/v2\/pages\/18","targetHints":{"allow":["GET"]}}],"collection":[{"href":"https:\/\/frausteinerstaunt.ch\/index.php\/wp-json\/wp\/v2\/pages"}],"about":[{"href":"https:\/\/frausteinerstaunt.ch\/index.php\/wp-json\/wp\/v2\/types\/page"}],"author":[{"embeddable":true,"href":"https:\/\/frausteinerstaunt.ch\/index.php\/wp-json\/wp\/v2\/users\/3"}],"replies":[{"embeddable":true,"href":"https:\/\/frausteinerstaunt.ch\/index.php\/wp-json\/wp\/v2\/comments?post=18"}],"version-history":[{"count":10,"href":"https:\/\/frausteinerstaunt.ch\/index.php\/wp-json\/wp\/v2\/pages\/18\/revisions"}],"predecessor-version":[{"id":194,"href":"https:\/\/frausteinerstaunt.ch\/index.php\/wp-json\/wp\/v2\/pages\/18\/revisions\/194"}],"wp:attachment":[{"href":"https:\/\/frausteinerstaunt.ch\/index.php\/wp-json\/wp\/v2\/media?parent=18"}],"curies":[{"name":"wp","href":"https:\/\/api.w.org\/{rel}","templated":true}]}}