{"id":109,"date":"2024-12-11T10:30:15","date_gmt":"2024-12-11T09:30:15","guid":{"rendered":"https:\/\/frausteinerstaunt.ch\/?page_id=109"},"modified":"2026-03-31T21:47:41","modified_gmt":"2026-03-31T19:47:41","slug":"startseite","status":"publish","type":"page","link":"https:\/\/frausteinerstaunt.ch\/","title":{"rendered":"HOME"},"content":{"rendered":"\n<div class=\"wp-block-columns is-layout-flex wp-container-core-columns-is-layout-9d6595d7 wp-block-columns-is-layout-flex\">\n<div class=\"wp-block-column is-layout-flow wp-block-column-is-layout-flow\">\n<p><strong>HERZLICH WILLKOMMEN<\/strong><\/p>\n<\/div>\n<\/div>\n\n\n\n<p><strong>Letzte Folge von LISELOTTE KANDIDIERT<\/strong><br><strong>Liselotte hat kandidiert. Das \u00fcberraschende Ergebnis erfahren Sie aus technischen Gr\u00fcnden zu einem sp\u00e4teren Zeitpunkt.<\/strong><\/p>\n\n\n\n<hr class=\"wp-block-separator has-alpha-channel-opacity is-style-default\"\/>\n\n\n\n<p>Jeweils am 1. und am 15. eines Monats erscheint ein neues Politm\u00e4rchen, eine Kolumne oder eine Folge aus der Serie &#171;Liselotte kandidiert&#187;. <\/p>\n\n\n\n<p>Zus\u00e4tzlich dazu finden Sie in der SOUVENIRBOX in losem Rhythmus Texte und Songs aus vergangenen Theater- und Kabarettprogrammen.&nbsp;<\/p>\n\n\n\n<hr class=\"wp-block-separator has-alpha-channel-opacity\"\/>\n\n\n\n<p><strong>PODCAST ABONNIEREN<\/strong><br>Der Podcast ist auch auf Spotify verf\u00fcgbar.&nbsp;Dort kann er ganz einfach abonniert werden: <br>Spotify-App aufs Handy downloaden <br>mit \u201esuchen\u201c FrauSteinerStaunt aufrufen<br>auf \u201efolgen\u201c und auf die gr\u00fcne Glocke klicken <br>und schon klingelt es auf Ihrem Handy, wenn eine neue Folge hochgeladen worden ist.<\/p>\n","protected":false},"excerpt":{"rendered":"<p>HERZLICH WILLKOMMEN Letzte Folge von LISELOTTE KANDIDIERTLiselotte hat kandidiert. Das \u00fcberraschende Ergebnis erfahren Sie aus technischen Gr\u00fcnden zu einem sp\u00e4teren Zeitpunkt. Jeweils am 1. und am 15. eines Monats erscheint ein neues Politm\u00e4rchen, eine Kolumne oder eine Folge aus der &hellip; <a href=\"https:\/\/frausteinerstaunt.ch\/\">Weiterlesen <span class=\"meta-nav\">&rarr;<\/span><\/a><\/p>\n","protected":false},"author":1,"featured_media":0,"parent":0,"menu_order":0,"comment_status":"closed","ping_status":"closed","template":"","meta":{"footnotes":""},"class_list":["post-109","page","type-page","status-publish","hentry"],"_links":{"self":[{"href":"https:\/\/frausteinerstaunt.ch\/index.php\/wp-json\/wp\/v2\/pages\/109","targetHints":{"allow":["GET"]}}],"collection":[{"href":"https:\/\/frausteinerstaunt.ch\/index.php\/wp-json\/wp\/v2\/pages"}],"about":[{"href":"https:\/\/frausteinerstaunt.ch\/index.php\/wp-json\/wp\/v2\/types\/page"}],"author":[{"embeddable":true,"href":"https:\/\/frausteinerstaunt.ch\/index.php\/wp-json\/wp\/v2\/users\/1"}],"replies":[{"embeddable":true,"href":"https:\/\/frausteinerstaunt.ch\/index.php\/wp-json\/wp\/v2\/comments?post=109"}],"version-history":[{"count":36,"href":"https:\/\/frausteinerstaunt.ch\/index.php\/wp-json\/wp\/v2\/pages\/109\/revisions"}],"predecessor-version":[{"id":412,"href":"https:\/\/frausteinerstaunt.ch\/index.php\/wp-json\/wp\/v2\/pages\/109\/revisions\/412"}],"wp:attachment":[{"href":"https:\/\/frausteinerstaunt.ch\/index.php\/wp-json\/wp\/v2\/media?parent=109"}],"curies":[{"name":"wp","href":"https:\/\/api.w.org\/{rel}","templated":true}]}}